{"id":2,"date":"2016-10-17T21:57:45","date_gmt":"2016-10-17T21:57:45","guid":{"rendered":"http:\/\/spletno-gostovanje.me\/?page_id=2"},"modified":"2017-07-05T21:42:04","modified_gmt":"2017-07-05T21:42:04","slug":"sample-page","status":"publish","type":"page","link":"https:\/\/www.spletnogostovanje.biz\/index.php\/sample-page\/","title":{"rendered":"Nasveti o spletnem gostovanju"},"content":{"rendered":"<h2>1. V \u010dem je razlika med va\u0161imi paketi, ki imajo omejen prostor in tistimi, ki imajo neomejeno prostora? \u0160e bolj \u010dudno je to, da so paketi z neomejenim prostorm cenej\u0161i od paketov z omejenim prostorom!? V \u010dem je torej razlika?<\/h2>\n<p>Na\u010deloma vse to opisujemo v rubriki &#8220;pravila uporabe&#8221; vendar, \u010de strnemo odgovor na najbolj pomembno razliko je odgovor zelo enostaven. Namre\u010d pri paketih z omejenim prostorom, ki so tudi nekoliko dra\u017eji od paketov z neomejenim prostorom vas\u00a0<strong>NE OMEJUJEMO<\/strong>\u00a0z ni\u010demer, kar boste nalo\u017eili na stre\u017enik. Vse dokler ne porabite dodeljenega oz. zakupljenega prostora je lahko to va\u0161 spletni disk oz. kar pa\u010d \u017eelite. V kolikor si boste vzeli \u010das in preverili recimo konkurenco, ki zelo rada skriva pogoje paketov z neomejenim prostorom boste na\u0161li polno omejitev. \u010ce pomislimo logi\u010dno vam neomejenga prostora ne more ponuditi nih\u010de tudi google ali facebook ne. Konkurenti in nasplo\u0161no ponudniki gostovanja doma in v tujini pa zelo ob\u0161irno in na veliko potencialni stranki prika\u017eejo tisto, kar stranka oz. kupec \u017eeli videti, slaba dejstva in pasti pa skrivajo. Pri nas temu ni tako. Mi ne skrivamo ni\u010d in zraven vsakega paketa serije unlimited, ki pomeni neomejen prostor je povezava do pravil uporabe za ta paket. Torej na teh pakitih so omejitve in pogosto ve\u010dje kot na paketih z omejenim prostorom mi neomejen prostor ponujamo na enak na\u010din kot vsi drugi svetovni in doma\u010di ponudniki in popolnoma ni\u010d slab\u0161e od njih le, da tega no\u010demo skrivati. Dejansko pa so na\u0161i paketi z omejenim prostorom bolj\u0161i, ker je precej manj omejitev predvsem pa na tak prostor lahko nalagate tudi va\u0161e varnostne arhive oz. karkoli \u017eelite medtem, ko pri paketih z neomejenim prostorom ste neomejeni le dokler gre za vsebino spletne strani. Na paket z neomejenim prostorom\u00a0<strong>NE SMETE<\/strong>\u00a0nalagati raznih varnostnih arhivov in datotek, ki niso del spletne strani, ponavadi vas omejujejo \u0161e s \u0161tevilom INOD-ov oz. po doma\u010de povedano \u0161tevilom datotek, ki jih lahko imate na tem prostoru in \u0161e polno drugih skritih pasti vam bodo prodali. Predlagamo vam, da si pred najemom vzamete \u010das in dobro preverite in povpra\u0161ate ponudnike, kaj vam ponujajo v takih paketih.<\/p>\n<p>&nbsp;<\/p>\n<h2>2. Kje imate locirano opremo in kak\u0161no opremo uporabljate?<\/h2>\n<p>Na\u0161a oprema se nenehno posodablja, menja in dodaja tako, da moramo priznati, da s slikami in natan\u010dnimi opisi nismo ravno a\u017eurni ampak to le zato, ker res nenehno posodabljamo in izbolj\u0161ujemo sisteme in bi bilo to zelo te\u017eko natan\u010dno opisovati vsaki\u010d, ko dodamo ali zamenjamo opremo. Prav tako v primeru ve\u010djih sprememb ali posodobitev vse objavimo na na\u0161i stani\u00a0<strong>Obvestila\u00a0<a href=\"https:\/\/whmcs.webicom.net\/announcements\">https:\/\/whmcs.webicom.net\/announcements<\/a><\/strong>. Druga\u010de pa imamo izklju\u010dno lastno opremo v najetih IT prostorih\u00a0kjer najamemo stre\u017eni\u0161ke omare kamor potem namestimo lastno IT opremo. Lokacija na\u0161e opreme je v Sloveniji oz. natan\u010dneje v Ljubljani in Mariboru.<\/p>\n<p>&nbsp;<\/p>\n<h2>3. Ali lahko nadgradim paket za gostovanje kasneje?<\/h2>\n<p>Seveda lahko in to brez dodatnih stro\u0161kov. Ko ugotovite, da potrebujete ve\u010dji paket je nadgradnja narejena takoj brez izpadov pla\u010date pa le razliko med prvotno zakupljenim paketom in novim paketom in to le za preostanek \u010dasa prvotno zakupljenega paketa, \u010de se nadgradnja dela nekje vmes \u0161e predno vam je iztekel prvotno zakupljen paket.<\/p>\n<p>&nbsp;<\/p>\n<h2>4. Ali imate kak\u0161ne omejitve pri \u0161tevilu po\u0161iljanja elektronske po\u0161te?<\/h2>\n<p>Da, imamo in sicer je splo\u0161na omejitev 250 sporo\u010dil na uro. Malenkost se ta omejitev razlikuje od izbranega paketa vendar je vedno nekje v teh okvirih. Za ve\u010dje koli\u010dine poslanih sporo\u010dil na uro se sicer lahko dogovorimo vendar morajo biti ve\u010dje koli\u010dine po\u0161iljanje izven rednih delovnih ur in v primeru, da so vseeno preobremenjujo\u010de za stre\u017enik vas obvestimo in vrnemo nazaj na omejitev 250.<\/p>\n<p>&nbsp;<\/p>\n<h2>5. Kaj pomeni prikaz Resource Limit Is Reached na na\u0161i spletni strani?<\/h2>\n<p><strong>Resource Limit Is Reached<\/strong>\u00a0na va\u0161i spletni strani pomeni, da je v dolo\u010denem momentu va\u0161a spletna stran porabila vsa vam dodeljena sredstva stre\u017enika. \u00a0V nekaterih primerih lahko namesto\u00a0<strong>Resource Limit Is Reached<\/strong>\u00a0zagledate napako\u00a0<strong>Internal server erro<\/strong>r vendar gre za enak razlog zaradi katerega pride do te napake. Na vseh na\u0161ih stre\u017enikih za skupna spletna gostovanja imamo name\u0161\u010den sistem za &#8220;<strong>Pravi\u010dno porabo<\/strong>&#8221; LVE manager. Gre za v naprej dolo\u010deno omejevanje na podlagi va\u0161ega izbranega paketa. V prvi vrsti se omejuje procesorsko mo\u010d, delovni spomin stre\u017enika (RAM), hitrost baranja in pisanja na disk (I\/O) ter \u0161tevilo vhodnih procesov. Ta sistem je v zadnjih letih nepogre\u0161ljiv za uspe\u0161no in kvalitetno storitev pri spletnem gostovanju saj u\u010dinkovito prepre\u010duje posamezniku na stre\u017eniku, da zaradi napake v skripti spletne strani ali pa zaradi kak\u0161ne varnostne pomanjkljivosti, ki jo izkori\u0161\u010dajo hackerji obremeni stre\u017enik do te mere, da postane celo neodziven ali pa v ve\u010dini primerov, da vsi na stre\u017eniku zaradi tega trpijo precej upo\u010dasnjeno delovanje spletne strani. Glede na to, da ta sistem uporabljajo \u017ee vsi veliki in resni ponudniki spletnega gostovanja pri nas ni ni\u010d druga\u010de razen, da v ve\u010dini primerov drugi ponudniki nastavijo vsem enako pri nas pa je omejevanje odvisno od va\u0161ega izbranega paketa. Ve\u010dji paket kot ste izbrali vi\u0161je so postavljene omejitve kar pomeni, da lahko porabite ve\u010d dodeljenih sredstev. Vedno oz. prva omejitev za najmanj\u0161e pakete webicom ZASTONJ<br \/>\n15% skupne procesorske mo\u010di na stre\u017eniku<br \/>\n1 GB RAM-a<br \/>\n15 vhodnih procesov (EP)<br \/>\n1024 Mb\/s pisanja in branja po disku<\/p>\n<p>za pakete webicom MINI<br \/>\n25% skupne procesorske mo\u010di na stre\u017eniku<br \/>\n2 GB RAM-a<br \/>\n50 vhodnih procesov (EP)<br \/>\n2048 Mb\/s pisanja in branja po disku<\/p>\n<p>za pakete webicom S<br \/>\n40% skupne procesorske mo\u010di na stre\u017eniku<br \/>\n2 GB RAM-a<br \/>\n75 vhodnih procesov (EP)<br \/>\n4096 Mb\/s pisanja in branja po disku<\/p>\n<p>za pakete webicom M<br \/>\n60% skupne procesorske mo\u010di na stre\u017eniku<br \/>\n4 GB RAM-a<br \/>\n100 vhodnih procesov (EP)<br \/>\n4096 Mb\/s pisanja in branja po disku<br \/>\nNaj povemo, da glede na zmogljivosti na\u0161ih stre\u017enikov (primerjava iz leta 2014) to niso majhne \u0161tevilke saj recimo 25% procesorske mo\u010di pomeni kar precej. Imamo vsaj 2 procesorja na en stre\u017enik in vsak procesor vsaj 6 jeder in vsako jedro minimalno vsaj 2Ghz mo\u010di torej v najslab\u0161em primeru imate na voljo 12 jeder x 2 Ghz skupaj torej 24 Ghz mo\u010di in recimo paket webicom MINI lahko od te mo\u010di v vsakem trenutku porabi 25%. Obstaja pa velika verjetnost, ker je na\u0161a razlaga pisana \u017ee v preteklosti, da je primerjava primerjava opreme lahko \u017ee precej bolj\u0161a kot takrat, kar pomeni \u0161e bolj\u0161e mo\u017enosti za uporabnika. LVE manager pa je zelo napreden sistem in v ozadju je zelo kompleksno prera\u010dunavanje. Vedeti je treba tudi, da v dolo\u010denem momentu skoraj zagotovo dva ali ve\u010d uporabnikov ne potrebujeta popolne procesorske mo\u010di \u0161e manj delovnega pomnilnika (ram) pa tudi, \u010de pride do situacije, da ve\u010d uporabnikov rabi vso procesorsko mo\u010d ali katero drugo stre\u017eni\u0161ko zmogljivost bo stre\u017eni\u0161ki sistem znal prera\u010dunati in postaviti ostale &#8220;v \u010dakalno vrsto&#8221; saj zahtevki za prera\u010dunavanje ni\u010del in enic v procesorju gredo po sistemu &#8220;kdor prej pride prej melje&#8221; vendar to ni kot \u010dakanje na blagajni v trgovini tukaj govorimo v milisekundah tako, da gre vse zelo hitro. Vseeno pa je na stre\u017enikih za skupna gostovanja predvsem zaradi racionalizacije stro\u0161kov veliko uporabnikov in da se nekako zagotovi pravi\u010dno in predvsem kvalitetno uporabo teh storitev se uporablja omejevalni sistem oz. sistem pravi\u010dne porabe.<\/p>\n<p>Ko zagledate\u00a0<strong>Resource Limit Is Reached<\/strong>\u00a0na va\u0161i spletni strani pa to ne pomeni nujno, da va\u0161a spletna stran ni dosegljiva za vse. V ve\u010dini primerov ste ta napis zagledali le vi oz. do dva uporabnika na enkrat in sta momentalna. V ve\u010dini primeriv, \u010de stisnete osve\u017ei v brskalniku bo stran ponovno prikazalo in \u017ee med tem \u010dasom je najverjetneje vsem novim obiskovalcem stran prikazalo brez opozorila. \u00a0Zakaj je temu tako boste vpra\u0161ali? Gre za to, da LVE manager bele\u017ei porabo vsako sekundo oz. vsak moment in v primeru, da je poraba dodeljenih sredstev zelo blizu prednastavljenim omejitvam jo v nekem momentu lahko prese\u017ee zadnji obiskovalec in s tem poraba ponovno pade pod omejitev prav tako pa v ve\u010dini primerov tudi drgi na strani ne klikajo v nedogled ampak kaj berejo in izpolnjujejo in se poraba zelo hitro lahko umiri. Vsekakor pa zelo pogost pojav\u00a0<strong>Resource Limit Is Reached<\/strong>\u00a0pomeni, da je nekaj narobe. Lahko gre le za momentalno \u0161pico obiska na va\u0161i spletni strani lahko gre za kak\u0161ne aktivnosti hackerjev, ki vam posku\u0161ajo \u0161kodovati lahko gre za napako v kodi va\u0161e spletne strani ali mysql podatkovne baze in po nepotrebnem porablja preve\u010d sredstev, ker se procesi ne zaklju\u010dijo in \u0161e bi lahko na\u0161tevali. Lahko pa, da je va\u0161e spletno mesto postalo zelo doro obiskano in ste enostavno prerasli mo\u017enosti svojega paketa ali pa celo zmo\u017enosti gostovanja na stre\u017enikih za skupna gostovanja. V primeru prepogostega pojavljanja\u00a0Resource Limit Is Reached ali pa v primeru, ko ta napake ne izgine v nobenem primeru (kar pomeni neko loop zanko in se obremenitev izvaja v nedogled) je vsekakor potrebno preveriti natan\u010dno kaj se dogaja. V takem primeru nas lahko prosite za pomo\u010d in vam bomo pomagali in preverili nastalo situacijo vendar v prvi vrsti prosimo, da tudi sami preverite, \u010de je vse v redu z kodo va\u0161e spletne strani ali pa, \u010de veste, da imate pove\u010dan obisk, da nam to poveste, ko prijavite napako\u00a0Resource Limit Is Reached. V va\u0161i kontrolni plo\u0161\u010di CPanel imate v sekciji\u00a0<strong>statistika oz. Logs\u00a0<\/strong>mo\u017enost preveriti porabo s klikom na ikono\u00a0<strong>Resource Usage<\/strong>\u00a0in v primeru, da statistika ka\u017ee pogosto prestopanje omejitev bo potrebeno ugotoviti zakaj. V ve\u010dini primerov moramo re\u010di je krivec napaka v skripti strani oz mysql baze, nemalokrat pa dejansko hackerji izvajajo avtomatitiran napad na va\u0161o skripto oz. spletno stran \u0161e najmanj pa je za to napako kriv pove\u010dan obisk va\u0161e spletne strani. Predvsem uporabniki brezpla\u010dnih odprtokodnih skript joomla, wordpress, phpbb forum in magento bodite pozorni na vse dodatke, ki ste jih vklju\u010diliv va\u0161o skripto saj nemalokrat so razlogi za preobremenitev varnostne luknje v raznih temah (templates) in pluginih seveda pa ne bo odve\u010d, da va\u0161o skripto redno posodabljate na zadnje verzije.<\/p>\n<p>Ne glede na razlog zakaj prihaja do prekomerne porabe dodeljenih sredstev se da v ve\u010dini primerov te\u017eavo re\u0161iti na nivoju uporabnika z optimizacijo kode spletne strani oz. skripte, vklopom cache-a in morebitno odpravo napake v kolikor se je le ta pojavila in zaradi tega ni potrebna nadgradnja paketa ali celo prehod na VPS stre\u017enik ali kaj podobnega. Tudi WebiCom vam lahko pomaga s svetovanjem in analizo kje to\u010dno prihaja do te\u017eave in vas lahko usmeri na pravo pot do odprave te\u017eave oz. lahko tudi odpravi te\u017eavo za vas v kolikor je le mo\u017eno.<\/p>\n<p>&nbsp;<\/p>\n<h2>6. Kaj pomeni izraz &#8220;Parkirana domena\/Parked domain&#8221; in kaj pomeni izraz &#8220;Dodana domena\/Addon domain&#8221;?<\/h2>\n<p>Pri nas izraz parkirana domena pomeni, da boste na nosilno domen paketa za gostovanje lahko parkirali \u0161e drugo ime domene ali ve\u010d njih in taka domena torej parkirana domena bo kazala vsebino glavne nosilne domene. Recimo v na\u0161em primeru imam nosilno domeno webicom.net in na to domeno lahko parkiramo \u0161e ve\u010d drugih domen recimo webicom.si ali pa webicom.eu in vsaka od teh parkiranih domen bo kazala vsebino oz. spletno stran domene webicom.net. Parkirane domene sicer lahko preusmerite v neko podmapo in v tej podmapi imate druga\u010dno spletno stran vendar se ta preusmeritev vidi v URL naslovu.<br \/>\nDodana domena pri nas pomeni, da imate lahko v istem paketu za spletno gostovanje dodano \u0161e kak\u0161no ime domene in na taki domeni imate potem lahko popolnoma lo\u010deno vsebino tako, da ne potrebujete zaradi tega naro\u010diti nov paket za gostovanje. Pri nas imajo popolnoma vsi paketi za gostovanje dovoljeno neomejeno \u0161tevilo parkiranih domen medtem, ko za dodane domene \u00a0je odvisno od paketa koliko jih lahko na ta na\u010din dodate. Ne glede ali gre za parkirano ali dodano domeno pa lahko kreirate in uporabljate tudi el. naslove vezano na parkirano ali dodano domeno.<\/p>\n<p>&nbsp;<\/p>\n<h2>7. Kaj pomeni namesnki stre\u017enik za WordPress&#8221;?<\/h2>\n<p>Worpdress je odli\u010dna brezpla\u010dna odprtokodna skripta oz. sistem za va\u0161o spletno stran. Ima veliko podporno skupnost in s tem velikorazvijalcev razih dodatkov. Ve\u010dina uporabnikov wordpressa ne bo imela te\u017eav na stre\u017enikih za skupna spletna gostovanja oz. deljeno gostovanje in ne potrebuje namesnkega stre\u017enika za WordPress. Nekateri bolj napredni uporabniki, ki z wordpress-om naredijo veliko spletno mesto pa zaradi velikega sistema na deljenem spletnem gostovanju ne dose\u017eejo rezultatov, ki jih v zadnjem \u010dasu meri Google z orodjem\u00a0PageSpeed Insights. Nekateri uporabniki, ki veliko stavijo na svojo spletno stran najamajo lasten VPS in imajo tako precej bolj fleksibilno okolje prilagojeno samo njim nekaterim pa je stro\u0161ek najema VPS stre\u017enika prevelik. Za tak\u0161ne uporabnike imamo vmesno stopnjo in sicer imamo postavljen namesnki stre\u017enik, ki je prilagojen optimalnemu delovanju wordpress aplikacij. Name\u0161\u010den imamo apache, \u00a0nginx in varnish. S temi servisi se precej pohitri delovanje wordpress spletnih strani. Zakaj \u00a0enako ne naredimo \u0161e na stre\u017enikih za skupno oz. deljeno spletno gostovanje? Zato, ker so to procesi, ki naredijo cache in na stre\u017enikih, kjer je veliko uporabnikov in razli\u010dnih sistemov potem nekaterim strani ne delajo pravilno. Tukaj na tem mestu pa smo vse optimizirali prav za wordpress sisteme tako, da wordpress deluje zelo hitro in zadovolji tudi meritve\u00a0PageSpeed Insight. \u0160e vedno obstaja mo\u017enost, da ima uporabnik kak\u0161no napako v samem wordpressu in tudi namesnki stre\u017enik niti VPS ne bi pomagal ampak v na\u0161em primeru govorimo predvsem o uporabnikih, ki jim sistem delujo dokaj dobro tudi na deljenem spletnem gostovanju vendar pa zaradi momentalnih obremenitev na stre\u017eniku kjer je \u0161e nekaj sto drugih uporabnikov rezultati odpiranja strani ne dose\u017eejo pod 0,2 sekunde kot jih zahteva\u00a0PageSpeed Insight. Nekateri menijo, da googlu na podlagi te hitrosti tudi rangira spletno stran med zadetki se pravi hitrej\u0161i kot je dzivni \u010das vi\u0161je bo rangirana stran med zadetki na googl-u. Na\u0161e mnenje je, da to ne dr\u017ei oz. je vpliv tega zelo majhen razen, \u010de bi \u0161lo rez za porazno po\u010dasno opdiranje ve\u010d kot nekaj sekund, kar se ti\u010de odzivnosti odpiranja (TTFB). Problem s katerim se sre\u010dujemo je tudi v meritvah saj je treba vedeti, da spletni servisi, ki ponujajo meritve in med njimi je tudi\u00a0PageSpeed Insight so ponavadi geografsko zelo oddaljeni od na\u0161ih stre\u017enikov v sloveniji zato meritev ni nujno slaba tudi, \u010de ni po merilih, ki jih stranka pri\u010dakuje.<br \/>\nNamesnki stre\u017enik za wordpress lahko pred dejanskim nakupom 1 teden brezpla\u010dno testirate tako, da \u0161e pred nakupom preverite in se prepri\u010date, \u010de vam ustreza. Na namesnkem stre\u017eniku nimamo Cpanel kontrolne plo\u0161\u010de temve\u010d Centos web panel s katero tudi lahko urejate vse potrebne paramtre kot so kreiranje mysql baz in uporabnikov, elektrosnkih predalov in podbono. V primeru, da bi \u017eeleli preveriti, \u010de vam namesnki stre\u017enik za wordpress ustreza vam bomo poslali dostopne podatke, da boste namestili spletno stran in potem boste lahko 1 teden brezpla\u010dno testirali in se pred nakupom la\u017eje odlo\u010dili, \u010de vam storitev ustreza ali ne.<\/p>\n<p><span style=\"text-decoration: line-through;\"><strong>Kaj pravzaprav pomeni omejen oz. neomejen pretok podatkov?<\/strong><\/span><\/p>\n<p><span style=\"text-decoration: line-through;\">Vsak obisk va\u0161e spletne strani pomeni pretok podatkov med na\u0161im stre\u017enikom in ra\u010dunalnikom obiskovalca. Vsaka slika, text ali datoteka skratka vse, kar obiskovalec ob obisku vidi, pomeni pretok dolo\u010dene koli\u010dine podatkov. Ve\u010dja kot je slika, mi\u0161ljeno po podatkovni strani in ne velikosti izgleda, ve\u010dji je pretok podatkov. Vsaka uporaba skript ali baz podatkov, ki jih imate vklju\u010dene v spletno stran prav tako zahteva pretok podatkov pravzaprav znajo biti te \u0161e najbolj obremenilne za stre\u017enik. Prav tako med ve\u010dje obremenitve spadajo direktni pretoki na ali iz stre\u017enika kot recimo nalaganje na ali iz stre\u017enika ve\u010dje datoteke kot so mp3, mpeg in podobno preko web aplikacije ali ftp protokola. Na na\u0161ih stre\u017enikih na\u010deloma nimamo ve\u010d omejenitev za pretok podatkov razen pri paketih ZASTONJ, ki pa je omejen na 10 GB in zadostuje za ve\u010dino preedstavitvenih spetnih strani. Naj povemo, da pri nas ni ve\u010d paketov z omejenim pretokom podatkov. Tehnologija je \u0161la \u017ee zdavnaj naprej in mi z njo. Ve\u010d ali manj se vsi ponudniki gostovanja sedaj poslu\u017eujemo na\u010dina &#8220;pravi\u010dne porabe skupnih sredstev&#8221;, kar nam omogo\u010dajo razna orodja v real time oz. v realnem \u010dasu in omejujejo pretiranega uporabnika v trenutku, ko precej presega porabo in tudi v trenutku, ko poraba pade takoj sprostijo nazaj na normalno delovanje.<\/span><\/p>\n","protected":false},"excerpt":{"rendered":"<p>1. V \u010dem je razlika med va\u0161imi paketi, ki imajo omejen prostor in tistimi, ki imajo neomejeno prostora? \u0160e bolj \u010dudno je to, da so paketi z neomejenim prostorm cenej\u0161i od paketov z omejenim prostorom!? V \u010dem je torej razlika? Na\u010deloma vse to opisujemo v rubriki &#8220;pravila uporabe&#8221; vendar, \u010de strnemo odgovor na najbolj pomembno razliko je odgovor zelo enostaven. Namre\u010d pri paketih z omejenim prostorom, ki so tudi nekoliko dra\u017eji od paketov z neomejenim prostorom vas\u00a0NE OMEJUJEMO\u00a0z ni\u010demer, kar boste nalo\u017eili na stre\u017enik. Vse dokler ne porabite dodeljenega oz.&hellip;<\/p>\n","protected":false},"author":1,"featured_media":0,"parent":0,"menu_order":0,"comment_status":"closed","ping_status":"closed","template":"","meta":{"footnotes":""},"class_list":["post-2","page","type-page","status-publish","hentry"],"aioseo_notices":[],"_links":{"self":[{"href":"https:\/\/www.spletnogostovanje.biz\/index.php\/wp-json\/wp\/v2\/pages\/2","targetHints":{"allow":["GET"]}}],"collection":[{"href":"https:\/\/www.spletnogostovanje.biz\/index.php\/wp-json\/wp\/v2\/pages"}],"about":[{"href":"https:\/\/www.spletnogostovanje.biz\/index.php\/wp-json\/wp\/v2\/types\/page"}],"author":[{"embeddable":true,"href":"https:\/\/www.spletnogostovanje.biz\/index.php\/wp-json\/wp\/v2\/users\/1"}],"replies":[{"embeddable":true,"href":"https:\/\/www.spletnogostovanje.biz\/index.php\/wp-json\/wp\/v2\/comments?post=2"}],"version-history":[{"count":3,"href":"https:\/\/www.spletnogostovanje.biz\/index.php\/wp-json\/wp\/v2\/pages\/2\/revisions"}],"predecessor-version":[{"id":490,"href":"https:\/\/www.spletnogostovanje.biz\/index.php\/wp-json\/wp\/v2\/pages\/2\/revisions\/490"}],"wp:attachment":[{"href":"https:\/\/www.spletnogostovanje.biz\/index.php\/wp-json\/wp\/v2\/media?parent=2"}],"curies":[{"name":"wp","href":"https:\/\/api.w.org\/{rel}","templated":true}]}}