{"id":234,"date":"2016-02-16T17:21:24","date_gmt":"2016-02-16T17:21:24","guid":{"rendered":"http:\/\/demo.themely.com\/integral\/?page_id=6"},"modified":"2023-08-10T11:31:42","modified_gmt":"2023-08-10T11:31:42","slug":"gostovanje","status":"publish","type":"page","link":"https:\/\/www.spletnogostovanje.biz\/index.php\/gostovanje\/","title":{"rendered":"Gostovanje"},"content":{"rendered":"<h2>Poznamo ve\u010d tipov spletnega gostovanja in sicer<\/h2>\n<pre>[mwai_chatbot_v2]<\/pre>\n<h2>Deljeno spletno gostovanje<\/h2>\n<p><a href=\"https:\/\/www.webicom.net\/gostovanje\/spletno-gostovanje\/\">Deljeno spletno gostovanje<\/a> pomeni, da boste gostovali na stre\u017eniku kjer je \u0161e veliko drugih vam podobnih uporabnikov. Bistvo deljenega spletnega gostovanja je, da s tem privar\u010dujete denar saj so cene na deljenem gostovanju oz. stre\u017enikih za skupna spletna gostovanja zelo nizke. Vsi uporabniki na takem stre\u017eniku si torej med seboj delijo zmogljivost stre\u017enika vendar pa so med seboj uporabniki izolirani. Recimo, da nekomu vdrejo na spletno stran, ker ima zastarelo skripto recimo zelo staro joomlo ali wordpress to na\u010deloma ne vpliva na druge uporabnike. Nekaj let nazaj je tak vdor sicer bolj vplival na druge, ker so lahko hackerji nekemu uporabniku namestili skripto, ki je bremenila cel stre\u017enik in posledi\u010dno je vsem na tem stre\u017eniku spletna stran delala po\u010dasi. Danes imamo naprednej\u0161e tehnologije in so tak\u0161ne te\u017eave zelo zelo redke. \u010ce se vrnemo nazaj na bistvo deljenega spletnega gostovanja&#8230;.ve\u010dina uporabnikov za gostovanje spletne trgovine ali spletnega mesta oz. spletne strani ne potrebuje lastnega stre\u017enika (namenski stre\u017enik) ali pa VPS stre\u017enika (virtual private server) in bo popolnoma dovolj tudi deljeno spletno gostovanje. Seveda lahko tudi va\u0161e spletno mesto preraste mo\u017enosti za gostovanje na tak\u0161nih stre\u017enikih. Prvi kora je ponavadi prehod na VPS stre\u017enik kasneje pa na namenski stre\u017enik ali ve\u010d njih. Naj vas ne bo strah, \u010de va\u0161e spletno mesto raste pomeni tudi ve\u010d prihodka in z veseljem se boste preselili sicer na dra\u017ejo vendar bolj\u0161o storitev.\u00a0 Ve\u010dina spletnih trgovin, portalov in predstavitvenih spletnih strani pa bo imela na voljo ve\u010d kot dovolj sredstev \u017ee na deljenem spletnem gostovanju.<\/p>\n<h2>Reseller spletno gostovanje<\/h2>\n<p><a href=\"https:\/\/www.webicom.net\/gostovanje\/reseller-gostovanje\/\">Reseller spletno gostovanje<\/a> je primerno za vse oblikovalce spletnih strani in tiste, ki imajo na tak ali druga\u010den na\u010din veliko \u0161tevilo strank, ki potrebujejo tudi zanesljiv prostor na stre\u017eniku tako za spletno stran kot tudi za el. po\u0161to in podobno. Reseller spletno gostovanje je pametna odlo\u010ditev iz ve\u010d vidikov. Eden je predvsem iz vidika optimizacije stro\u0161kov saj vam ni potrebno kupovati nobenih licenc, strojne opreme niti imeti nikogar zaposlenega, ki bi to vzdr\u017eeval in urejal saj vse to za vas ureja \u017ee ponudnik. Drugi vidik je samo znanje vzdr\u017eevanja tako strojne kot programske opreme saj tudi iz tega vidika vam ni potrebno imeti znanja za vzdr\u017eevanje stre\u017enikov in operacijskega sistema. Vi se kot naro\u010dnik tak\u0161nega reseller spletnega gostovanja zato lahko v celoti posve\u010date le tistemu, kar najbolje znate in tako imate tudi precej ve\u010d \u010dasa se posve\u010dati direktno va\u0161im strankam namesto izgubljati \u010das z vsem prej omenjenim. \u0160e vedno pa izgleda kot, da imate lastno opremo in vse sami vodite v kolikor \u017eelite strankam prikriti, da nimate lastne opreme in kadra za vzdr\u017eevanje teh sistemov lahko z reseller paketi, \u010de to \u017eelite tudi dose\u017eete.<\/p>\n<h2>VPS gostovanje<\/h2>\n<p><a href=\"https:\/\/www.webicom.net\/gostovanje\/vps-gostovanje\/\">VPS gostovanje<\/a> je gostovanje virtualnih stre\u017enikov. Kratica VPS pomeni virtual private server oz. po slovensko virtualni privatni stre\u017enik. VPS stre\u017enik je prakti\u010dno enaka stvar kot fizi\u010dni namenski stre\u017enik le, da si na dolo\u010deni strojni opremi ve\u010d VPS stre\u017enikov deli zmogljivosti strojne opreme. Najbolj\u0161i ponudniki VPS gostovanja\u00a0 imajo dobro organizirano arhitekturo strojne opreme in NIKOLI ne name\u0161\u010dajo ve\u010d VPS stre\u017enikov kot imajo skupaj zmogljivosti. Marsikateri ponudniki namre\u010d delajo veliko \u0161tevilo VPS stre\u017enikov na strojni opremi, ki tega po se\u0161tevku, kar so dodelili strankam ne prenese. Ker pa gre za virtualizacijo in ra\u010dunajo na to, da ne bodo vsi hkrati rabili vsega, kar so dodelili vps stre\u017eniku potem vseeno ob\u010dasno ali pa kar precej pogosto prihaja do te\u017eav s hitrostjo delovanja VPS\u00a0stre\u017enika. Pri izboru VPS stre\u017enika morate biti pozorni na to, da vam ponudnik GARANTIRA dodeljena sredstva. \u017dal tudi to ni garancija, da se bo ponudnik tega dr\u017eal saj boste zelo te\u017eko preverili koliko VPS stre\u017enikov imajo v ozadju vendar pa boste v praksi zelo hitro lahko opazili ali va\u0161 VPS\u00a0deluje kot mora ali pa je prepo\u010dasen.<\/p>\n<h2>Namenski stre\u017enik<\/h2>\n<p><a href=\"https:\/\/spletnogostovanje.biz\/index.php\/2016\/10\/16\/gostovanje-za-napredne-uporabnike\/\">Namenski stre\u017enik<\/a> je v bistvu fizi\u010den stre\u017enik namenjen le enemu uporabniku oz. podjetju. Gre torej za stre\u017enik na katerem je le ena stranka oz. ga stranka najame za lastne potrebe in si ga z nikomur ne deli. Tovrsten najem stre\u017enika je namenjen zahtevnej\u0161im strankam saj imajo ponavadi najemniki stre\u017enika svoje zahteve po konfiguraciji tako strojne kot programske opreme. Predvsem si na takem stre\u017eniku uporabnik lahko precej prikroji razne sistemske nastavitve, ki jih sicer ne bi mogel. Ve\u010dina podjetij, ki potrebuje en do par stre\u017enikov se danes odlo\u010da za najem saj se najdejo ponudniki, ki nudijo neke vrste operativen leasing strojen opreme, ki se dejansko bolj izpla\u010da kot nakup lastnega novega stre\u017enika. Poleg tega pri najemu stre\u017enika podjetje, ki vam stre\u017enik odda poskrbi za namestitev in je dol\u017een skrbeti za odpravo napak na strojni opremi in vas tako razbremeni nepotrebnih dodatnih stro\u0161kov in porabe \u010dasa. Seveda pa lahko pri ve\u010dini ponudnikov namestite tudi svoj stre\u017enik v njihov podatkovni center. TO se imenuje kolokacija stre\u017enika cene pa se vrtijo okoli 70 EUR za 1U velik stre\u017enik in pribli\u017eno 100 EUR za 2U velik stre\u017enik.<\/p>\n","protected":false},"excerpt":{"rendered":"<p>Poznamo ve\u010d tipov spletnega gostovanja in sicer [mwai_chatbot_v2] Deljeno spletno gostovanje Deljeno spletno gostovanje pomeni, da boste gostovali na stre\u017eniku kjer je \u0161e veliko drugih vam podobnih uporabnikov. Bistvo deljenega spletnega gostovanja je, da s tem privar\u010dujete denar saj so cene na deljenem gostovanju oz. stre\u017enikih za skupna spletna gostovanja zelo nizke. Vsi uporabniki na takem stre\u017eniku si torej med seboj delijo zmogljivost stre\u017enika vendar pa so med seboj uporabniki izolirani. Recimo, da nekomu vdrejo na spletno stran, ker ima zastarelo skripto recimo zelo staro joomlo ali wordpress to na\u010deloma&hellip;<\/p>\n","protected":false},"author":1,"featured_media":0,"parent":0,"menu_order":0,"comment_status":"closed","ping_status":"closed","template":"","meta":{"footnotes":""},"class_list":["post-234","page","type-page","status-publish","hentry"],"aioseo_notices":[],"_links":{"self":[{"href":"https:\/\/www.spletnogostovanje.biz\/index.php\/wp-json\/wp\/v2\/pages\/234","targetHints":{"allow":["GET"]}}],"collection":[{"href":"https:\/\/www.spletnogostovanje.biz\/index.php\/wp-json\/wp\/v2\/pages"}],"about":[{"href":"https:\/\/www.spletnogostovanje.biz\/index.php\/wp-json\/wp\/v2\/types\/page"}],"author":[{"embeddable":true,"href":"https:\/\/www.spletnogostovanje.biz\/index.php\/wp-json\/wp\/v2\/users\/1"}],"replies":[{"embeddable":true,"href":"https:\/\/www.spletnogostovanje.biz\/index.php\/wp-json\/wp\/v2\/comments?post=234"}],"version-history":[{"count":11,"href":"https:\/\/www.spletnogostovanje.biz\/index.php\/wp-json\/wp\/v2\/pages\/234\/revisions"}],"predecessor-version":[{"id":1538,"href":"https:\/\/www.spletnogostovanje.biz\/index.php\/wp-json\/wp\/v2\/pages\/234\/revisions\/1538"}],"wp:attachment":[{"href":"https:\/\/www.spletnogostovanje.biz\/index.php\/wp-json\/wp\/v2\/media?parent=234"}],"curies":[{"name":"wp","href":"https:\/\/api.w.org\/{rel}","templated":true}]}}