{"id":294,"date":"2016-11-01T11:04:24","date_gmt":"2016-11-01T11:04:24","guid":{"rendered":"http:\/\/spletno-gostovanje.me\/?page_id=294"},"modified":"2024-10-15T20:15:56","modified_gmt":"2024-10-15T20:15:56","slug":"vps-gostovanje","status":"publish","type":"page","link":"https:\/\/www.spletnogostovanje.biz\/index.php\/vps-gostovanje\/","title":{"rendered":"VPS gostovanje"},"content":{"rendered":"<p>To so Zanesljivi<strong> VPS stre\u017eniki<\/strong>, ki nadomestijo fizi\u010dne stre\u017enike\u00a0in vam prihranijo ogromno denarja. <strong>VPS stre\u017enik<\/strong> je \u017ee nujno potreben za vsako resno podjetje, ki \u017eeli biti prisotno 24\/7\/365 na spletu in za to uporablja vse napredne spletne tehnologije. <strong>VPS<\/strong> stre\u017eniki zagotavljajo tudi precej<strong> ve\u010djo varnost in zanesljivost<\/strong> kot klasi\u010dna spletna gostovanja. V zadnjem \u010dasu je\u00a0<strong>VPS stre\u017enik<\/strong> najbolj\u0161a re\u0161itev za vse ve\u010dje portale in spletne trgovine saj <a href=\"https:\/\/www.spletnogostovanje.biz\/index.php\/2024\/10\/15\/prednosti-vps-gostovanja-za-spletne-trgovine-in-vecje-portale\/\"><strong>VPS<\/strong> <strong>gostovanje<\/strong><\/a> izolirano okolje in ste tako lo\u010deni od drugih uporabnikov, prav tako vam vsak resen ponudnik <strong>zagotovlja dodeljene stre\u017eni\u0161ke zmogljivosti<\/strong> in v primeru dodatnih \u017eelja lahko <strong>VPS stre\u017enik<\/strong> klonira na drugo lokacijo ali vam ponudi drugo obliko varnostnega arhiviranja in tako \u0161e dodatno pove\u010da varnost v primeru najbolj \u010drnih scenarijev. Vsekakor nikoli ni odve\u010d, \u010de \u0161e sami poskrbite za varnostne arhive podatkov na stre\u017eniku. Glede na to, da je <strong>VPS stre\u017enik<\/strong> za upravljanje znotraj operacijskega sistema popolnoma enak kot upravljanje fizi\u010dnega stre\u017enika se je s ponudnikom pametno dogovoriti tudi za upravljanje <strong>VPS stre\u017enika<\/strong> v kolikor sami nimate dovolj znanja v tej smeri.<img loading=\"lazy\" decoding=\"async\" class=\"size-medium wp-image-315 alignright\" src=\"https:\/\/spletno-gostovanje.me\/wp-content\/uploads\/2016\/11\/vps_hosting-300x150.jpg\" alt=\"vps_hosting\" width=\"300\" height=\"150\" srcset=\"https:\/\/www.spletnogostovanje.biz\/wp-content\/uploads\/2016\/11\/vps_hosting-300x150.jpg 300w, https:\/\/www.spletnogostovanje.biz\/wp-content\/uploads\/2016\/11\/vps_hosting.jpg 640w\" sizes=\"auto, (max-width: 300px) 100vw, 300px\" \/><\/p>\n<p>Sistemi morajo biti\u00a0med seboj v podvojenih enotah, da se na ta na\u010din minimizira mo\u017enost izpada v delovanju <strong>VPS stre\u017enikov<\/strong> zaradi okvare na strojni opremi<strong>.\u00a0SSD<\/strong> ali <strong>HDD diski<\/strong> morajo biti obvezno v<strong> RAID poljih<\/strong> z pripravljenimi<strong> rezervnimi diski<\/strong>, ki prevzamejo delo, \u010de odpove kateri od aktivnih diskov.<\/p>\n","protected":false},"excerpt":{"rendered":"<p>To so Zanesljivi VPS stre\u017eniki, ki nadomestijo fizi\u010dne stre\u017enike\u00a0in vam prihranijo ogromno denarja. VPS stre\u017enik je \u017ee nujno potreben za vsako resno podjetje, ki \u017eeli biti prisotno 24\/7\/365 na spletu in za to uporablja vse napredne spletne tehnologije. VPS stre\u017eniki zagotavljajo tudi precej ve\u010djo varnost in zanesljivost kot klasi\u010dna spletna gostovanja. V zadnjem \u010dasu je\u00a0VPS stre\u017enik najbolj\u0161a re\u0161itev za vse ve\u010dje portale in spletne trgovine saj VPS gostovanje izolirano okolje in ste tako lo\u010deni od drugih uporabnikov, prav tako vam vsak resen ponudnik zagotovlja dodeljene stre\u017eni\u0161ke zmogljivosti in v primeru&hellip;<\/p>\n","protected":false},"author":1,"featured_media":0,"parent":0,"menu_order":0,"comment_status":"closed","ping_status":"closed","template":"","meta":{"footnotes":""},"class_list":["post-294","page","type-page","status-publish","hentry"],"aioseo_notices":[],"_links":{"self":[{"href":"https:\/\/www.spletnogostovanje.biz\/index.php\/wp-json\/wp\/v2\/pages\/294","targetHints":{"allow":["GET"]}}],"collection":[{"href":"https:\/\/www.spletnogostovanje.biz\/index.php\/wp-json\/wp\/v2\/pages"}],"about":[{"href":"https:\/\/www.spletnogostovanje.biz\/index.php\/wp-json\/wp\/v2\/types\/page"}],"author":[{"embeddable":true,"href":"https:\/\/www.spletnogostovanje.biz\/index.php\/wp-json\/wp\/v2\/users\/1"}],"replies":[{"embeddable":true,"href":"https:\/\/www.spletnogostovanje.biz\/index.php\/wp-json\/wp\/v2\/comments?post=294"}],"version-history":[{"count":8,"href":"https:\/\/www.spletnogostovanje.biz\/index.php\/wp-json\/wp\/v2\/pages\/294\/revisions"}],"predecessor-version":[{"id":1595,"href":"https:\/\/www.spletnogostovanje.biz\/index.php\/wp-json\/wp\/v2\/pages\/294\/revisions\/1595"}],"wp:attachment":[{"href":"https:\/\/www.spletnogostovanje.biz\/index.php\/wp-json\/wp\/v2\/media?parent=294"}],"curies":[{"name":"wp","href":"https:\/\/api.w.org\/{rel}","templated":true}]}}