{"id":69,"date":"2016-11-01T06:00:43","date_gmt":"2016-11-01T06:00:43","guid":{"rendered":"http:\/\/demo.themely.com\/integral\/?page_id=69"},"modified":"2016-11-01T11:53:47","modified_gmt":"2016-11-01T11:53:47","slug":"izdelaj-sam-spletno-stran","status":"publish","type":"page","link":"https:\/\/www.spletnogostovanje.biz\/index.php\/izdelaj-sam-spletno-stran\/","title":{"rendered":"Izdelaj sam spletno stran"},"content":{"rendered":"<p><strong>Izdelava spletne strani je lahko zelo enostavna, zabavna in hitra. <\/strong><\/p>\n<p>Pri podjetju WebiCom boste na\u0161li zelo dober in zanimiv program za izdelavo va\u0161e spletne strani in celo spletne trgovine. Pod imenom <strong>Super Site Man<\/strong> oz. kraj\u0161e <strong>SSM<\/strong> boste naleteli na on-line orodje za izdelavo spletne strani ali spletne trgovine s katerim boste lahko, kar sami naredili vse in zato ne rabite biti strokovnjak. \u00a0Program je popolnoma primerljiv podobnim svetovno znanim programom WIX ali WEEBLY vendar precej cenej\u0161i in po oceni mnogih tudi precej la\u017eji.<\/p>\n<p>\u010ce ste eden tistih, ki so iskali Wix ali Webbly za izdelavo spletne strani ste na\u0161li pravo stvar. Orodje <strong>Super Site Man<\/strong>\u00a0od uporabnika ne zahteva nobenega znanja programskih jezikov ali poznavanja html\/php kode in <strong>deluje po principu &#8220;Povleci in spusti ter objavi&#8221;<\/strong>. \u010ce se malo pohecamo lahko re\u010demo, da vam s programom <strong>Super Site Man<\/strong>\u00a0spletno stran lahko naredi tudi va\u0161 vodovodar. \u0160alo na stran, <strong>Super Site Man<\/strong>\u00a0je mo\u010dno in profesionalno orodje s katerim boste lahko naredili<strong> profesionalno spletno stran<\/strong>. Edina omejitev je va\u0161a domi\u0161ljija. Pozabite na vse strokovne izraze saj od vas ne zahteva nobenega znanja programskih jezikov in urejanja podatkovnih baz.<\/p>\n<p><iframe loading=\"lazy\" title=\"Izdelava spletne strani v nekaj minutah\" width=\"640\" height=\"360\" src=\"https:\/\/www.youtube.com\/embed\/ML585qdBh9A?feature=oembed\" frameborder=\"0\" allow=\"accelerometer; autoplay; clipboard-write; encrypted-media; gyroscope; picture-in-picture; web-share\" referrerpolicy=\"strict-origin-when-cross-origin\" allowfullscreen><\/iframe><\/p>\n<p>Da ne govorimo preve\u010d bo najbolje, da orodje\u00a0<strong>Super Site Man<\/strong>, kar preizkusite in se sami prepri\u010date, \u010de vam ustreza ali ne. Demonstracija programa je mo\u017ena na naslovu\u00a0<a href=\"https:\/\/www.supersiteman.com\/\">https:\/\/www.supersiteman.com\/<\/a><\/p>\n","protected":false},"excerpt":{"rendered":"<p>Izdelava spletne strani je lahko zelo enostavna, zabavna in hitra. Pri podjetju WebiCom boste na\u0161li zelo dober in zanimiv program za izdelavo va\u0161e spletne strani in celo spletne trgovine. Pod imenom Super Site Man oz. kraj\u0161e SSM boste naleteli na on-line orodje za izdelavo spletne strani ali spletne trgovine s katerim boste lahko, kar sami naredili vse in zato ne rabite biti strokovnjak. \u00a0Program je popolnoma primerljiv podobnim svetovno znanim programom WIX ali WEEBLY vendar precej cenej\u0161i in po oceni mnogih tudi precej la\u017eji. \u010ce ste eden tistih, ki so&hellip;<\/p>\n","protected":false},"author":1,"featured_media":0,"parent":0,"menu_order":0,"comment_status":"closed","ping_status":"closed","template":"","meta":{"footnotes":""},"class_list":["post-69","page","type-page","status-publish","hentry"],"aioseo_notices":[],"_links":{"self":[{"href":"https:\/\/www.spletnogostovanje.biz\/index.php\/wp-json\/wp\/v2\/pages\/69","targetHints":{"allow":["GET"]}}],"collection":[{"href":"https:\/\/www.spletnogostovanje.biz\/index.php\/wp-json\/wp\/v2\/pages"}],"about":[{"href":"https:\/\/www.spletnogostovanje.biz\/index.php\/wp-json\/wp\/v2\/types\/page"}],"author":[{"embeddable":true,"href":"https:\/\/www.spletnogostovanje.biz\/index.php\/wp-json\/wp\/v2\/users\/1"}],"replies":[{"embeddable":true,"href":"https:\/\/www.spletnogostovanje.biz\/index.php\/wp-json\/wp\/v2\/comments?post=69"}],"version-history":[{"count":5,"href":"https:\/\/www.spletnogostovanje.biz\/index.php\/wp-json\/wp\/v2\/pages\/69\/revisions"}],"predecessor-version":[{"id":299,"href":"https:\/\/www.spletnogostovanje.biz\/index.php\/wp-json\/wp\/v2\/pages\/69\/revisions\/299"}],"wp:attachment":[{"href":"https:\/\/www.spletnogostovanje.biz\/index.php\/wp-json\/wp\/v2\/media?parent=69"}],"curies":[{"name":"wp","href":"https:\/\/api.w.org\/{rel}","templated":true}]}}