{"id":76,"date":"2016-11-01T06:12:03","date_gmt":"2016-11-01T06:12:03","guid":{"rendered":"http:\/\/demo.themely.com\/integral\/index.php\/cart\/"},"modified":"2019-06-07T08:57:48","modified_gmt":"2019-06-07T08:57:48","slug":"cpanel","status":"publish","type":"page","link":"https:\/\/www.spletnogostovanje.biz\/index.php\/cpanel\/","title":{"rendered":"Cpanel kontrolna plo\u0161\u010da"},"content":{"rendered":"<figure id=\"attachment_312\" aria-describedby=\"caption-attachment-312\" style=\"width: 300px\" class=\"wp-caption alignnone\"><img loading=\"lazy\" decoding=\"async\" class=\"wp-image-312 size-medium\" title=\"Cpanel spletno gostovanje\" src=\"https:\/\/spletnogostovanje.biz\/wp-content\/uploads\/2016\/11\/cpanel-logo-300x108.png\" alt=\"cpanel nadzorna plo\u0161\u010da\" width=\"300\" height=\"108\" srcset=\"https:\/\/www.spletnogostovanje.biz\/wp-content\/uploads\/2016\/11\/cpanel-logo-300x108.png 300w, https:\/\/www.spletnogostovanje.biz\/wp-content\/uploads\/2016\/11\/cpanel-logo.png 555w\" sizes=\"auto, (max-width: 300px) 100vw, 300px\" \/><figcaption id=\"caption-attachment-312\" class=\"wp-caption-text\">Cpanel spletno gostovanje<\/figcaption><\/figure>\n<p><strong>CPanel kontrolna plo\u0161\u010da<\/strong> je v svetovnem merilu zagotovo najbolj priljubljena in najbolj\u0161a kontrolna plo\u0161\u010da namenjena za upravljanje s spletnim prostorom, ki ste ga najeli v obliki spletnega gostovanja. Polno ime je sicer <strong>WHM\/CPanel<\/strong> saj gre za dva segmenta urejanja in nadzora nad spletnim gostovanjem na stre\u017eniku za deljena spletna gostovanja. &nbsp;Ime <strong>WHM<\/strong> pomeni <strong>web host management<\/strong> in preko te kontrolne plo\u0161\u010de administrator stre\u017enika ureja vse spletne ra\u010dune oz. gostovanja.<strong> CPanel kontrolna plo\u0161\u010da<\/strong> pa je namenjena kon\u010dnim uporabnikom spletnega gostovanja. Naj na kratko opi\u0161emo oba segmenta in njihove funkcije:<\/p>\n<figure id=\"attachment_320\" aria-describedby=\"caption-attachment-320\" style=\"width: 300px\" class=\"wp-caption alignright\"><img loading=\"lazy\" decoding=\"async\" class=\"wp-image-320 size-medium\" title=\"WHM nadzorna plo\u0161\u010da\" src=\"https:\/\/spletnogostovanje.biz\/wp-content\/uploads\/2016\/11\/whm-300x141.png\" alt=\"whm\" width=\"300\" height=\"141\" srcset=\"https:\/\/www.spletnogostovanje.biz\/wp-content\/uploads\/2016\/11\/whm-300x141.png 300w, https:\/\/www.spletnogostovanje.biz\/wp-content\/uploads\/2016\/11\/whm-768x360.png 768w, https:\/\/www.spletnogostovanje.biz\/wp-content\/uploads\/2016\/11\/whm-1024x480.png 1024w, https:\/\/www.spletnogostovanje.biz\/wp-content\/uploads\/2016\/11\/whm.png 1301w\" sizes=\"auto, (max-width: 300px) 100vw, 300px\" \/><figcaption id=\"caption-attachment-320\" class=\"wp-caption-text\">WHM nadzorna plo\u0161\u010da<\/figcaption><\/figure>\n<p><strong>WHM (WEB HOST MANAGEMENT)<\/strong><\/p>\n<ul>\n<li>kreiranje spletnih ra\u010dunov<\/li>\n<li>kreiranje paketov za gostovanje<\/li>\n<li>dodajanje in parkiranje domen<\/li>\n<li>upravljanje<\/li>\n<li>reset passwords\/contact email addresses for cPanel accounts<\/li>\n<li>edit Resource Limits for cPanel accounts<\/li>\n<li>modify DNS zone records for each domain\/subdomain<\/li>\n<li>set up private nameservers on the server<\/li>\n<li>access resold accounts without entering login details<\/li>\n<li>perform basic system and control panel maintenance<\/li>\n<\/ul>\n<p>&nbsp;<\/p>\n<figure id=\"attachment_322\" aria-describedby=\"caption-attachment-322\" style=\"width: 300px\" class=\"wp-caption alignright\"><img loading=\"lazy\" decoding=\"async\" class=\"wp-image-322 size-medium\" title=\"cpanel kontrolna plo\u0161\u010da\" src=\"https:\/\/spletnogostovanje.biz\/wp-content\/uploads\/2016\/11\/cpanel-300x176.png\" alt=\"cpanel kontrolna plo\u0161\u010da\" width=\"300\" height=\"176\" srcset=\"https:\/\/www.spletnogostovanje.biz\/wp-content\/uploads\/2016\/11\/cpanel-300x176.png 300w, https:\/\/www.spletnogostovanje.biz\/wp-content\/uploads\/2016\/11\/cpanel-768x451.png 768w, https:\/\/www.spletnogostovanje.biz\/wp-content\/uploads\/2016\/11\/cpanel-330x195.png 330w, https:\/\/www.spletnogostovanje.biz\/wp-content\/uploads\/2016\/11\/cpanel.png 922w\" sizes=\"auto, (max-width: 300px) 100vw, 300px\" \/><figcaption id=\"caption-attachment-322\" class=\"wp-caption-text\">Cpanel spletno gostovanje<\/figcaption><\/figure>\n<p><strong>CPANEL KONTROLNA PLO\u0160\u010cA<\/strong><\/p>\n<ul>\n<li>upravljanje, kreiranje, brisanje email ra\u010dunov<\/li>\n<li>nalaganje in urejanje datotek<\/li>\n<li>dodajanje\/odstranjevanje domen<\/li>\n<li>Nadzor SPAM<\/li>\n<li>edit DNS records for their domains<\/li>\n<li>check website statistics<\/li>\n<li>manage databases and backups, etc.<\/li>\n<\/ul>\n","protected":false},"excerpt":{"rendered":"<p>CPanel kontrolna plo\u0161\u010da je v svetovnem merilu zagotovo najbolj priljubljena in najbolj\u0161a kontrolna plo\u0161\u010da namenjena za upravljanje s spletnim prostorom, ki ste ga najeli v obliki spletnega gostovanja. Polno ime je sicer WHM\/CPanel saj gre za dva segmenta urejanja in nadzora nad spletnim gostovanjem na stre\u017eniku za deljena spletna gostovanja. &nbsp;Ime WHM pomeni web host management in preko te kontrolne plo\u0161\u010de administrator stre\u017enika ureja vse spletne ra\u010dune oz. gostovanja. CPanel kontrolna plo\u0161\u010da pa je namenjena kon\u010dnim uporabnikom spletnega gostovanja. Naj na kratko opi\u0161emo oba segmenta in njihove funkcije: WHM (WEB&hellip;<\/p>\n","protected":false},"author":1,"featured_media":0,"parent":0,"menu_order":0,"comment_status":"closed","ping_status":"closed","template":"","meta":{"footnotes":""},"class_list":["post-76","page","type-page","status-publish","hentry"],"aioseo_notices":[],"_links":{"self":[{"href":"https:\/\/www.spletnogostovanje.biz\/index.php\/wp-json\/wp\/v2\/pages\/76","targetHints":{"allow":["GET"]}}],"collection":[{"href":"https:\/\/www.spletnogostovanje.biz\/index.php\/wp-json\/wp\/v2\/pages"}],"about":[{"href":"https:\/\/www.spletnogostovanje.biz\/index.php\/wp-json\/wp\/v2\/types\/page"}],"author":[{"embeddable":true,"href":"https:\/\/www.spletnogostovanje.biz\/index.php\/wp-json\/wp\/v2\/users\/1"}],"replies":[{"embeddable":true,"href":"https:\/\/www.spletnogostovanje.biz\/index.php\/wp-json\/wp\/v2\/comments?post=76"}],"version-history":[{"count":9,"href":"https:\/\/www.spletnogostovanje.biz\/index.php\/wp-json\/wp\/v2\/pages\/76\/revisions"}],"predecessor-version":[{"id":793,"href":"https:\/\/www.spletnogostovanje.biz\/index.php\/wp-json\/wp\/v2\/pages\/76\/revisions\/793"}],"wp:attachment":[{"href":"https:\/\/www.spletnogostovanje.biz\/index.php\/wp-json\/wp\/v2\/media?parent=76"}],"curies":[{"name":"wp","href":"https:\/\/api.w.org\/{rel}","templated":true}]}}